{"id":442,"date":"2022-11-30T10:50:25","date_gmt":"2022-11-30T09:50:25","guid":{"rendered":"https:\/\/www.defisdefemmes.re\/?page_id=442"},"modified":"2022-11-30T10:50:31","modified_gmt":"2022-11-30T09:50:31","slug":"mentions-legales","status":"publish","type":"page","link":"https:\/\/www.defisdefemmes.re\/index.php\/mentions-legales\/","title":{"rendered":"Mentions l\u00e9gales"},"content":{"rendered":"<p>[et_pb_section fb_built=\u00a0\u00bb1&Prime; theme_builder_area=\u00a0\u00bbpost_content\u00a0\u00bb _builder_version=\u00a0\u00bb4.17.4&Prime; _module_preset=\u00a0\u00bbdefault\u00a0\u00bb][et_pb_row _builder_version=\u00a0\u00bb4.17.4&Prime; _module_preset=\u00a0\u00bbdefault\u00a0\u00bb theme_builder_area=\u00a0\u00bbpost_content\u00a0\u00bb][et_pb_column _builder_version=\u00a0\u00bb4.17.4&Prime; _module_preset=\u00a0\u00bbdefault\u00a0\u00bb type=\u00a0\u00bb4_4&Prime; theme_builder_area=\u00a0\u00bbpost_content\u00a0\u00bb][et_pb_text _builder_version=\u00a0\u00bb4.17.4&Prime; _module_preset=\u00a0\u00bbdefault\u00a0\u00bb theme_builder_area=\u00a0\u00bbpost_content\u00a0\u00bb hover_enabled=\u00a0\u00bb0&Prime; sticky_enabled=\u00a0\u00bb0&Prime;]<\/p>\n<h1><b>MENTIONS L\u00c9GALES<\/b><\/h1>\n<p>&nbsp;<\/p>\n<p><span style=\"font-weight: 400;\">Conform\u00e9ment aux dispositions de la loi n\u00b0 2004-575 du 21 juin 2004 pour la confiance en l&rsquo;\u00e9conomie num\u00e9rique, il est pr\u00e9cis\u00e9 aux utilisateurs du site Defisdefemmes l&rsquo;identit\u00e9 des diff\u00e9rents intervenants dans le cadre de sa r\u00e9alisation et de son suivi.<\/span><\/p>\n<p>&nbsp;<\/p>\n<h2><b>Edition du site\u00a0<\/b><\/h2>\n<p>&nbsp;<\/p>\n<p><span style=\"font-weight: 400;\">Le pr\u00e9sent site, accessible \u00e0 l\u2019URL www.defisdefemmes.re (le \u00ab Site \u00bb), est \u00e9dit\u00e9 par :<\/span><\/p>\n<p><i><span style=\"font-weight: 400;\"><br \/><\/span><\/i><span style=\"font-weight: 400;\">La boite a cookies, soci\u00e9t\u00e9 au capital de 1000 euros, inscrite au R.C.S. de SAINT-DENIS-DE-LA-REUNION sous le num\u00e9ro St-Denis de la Reunion B 911 022 556, dont le si\u00e8ge social est situ\u00e9 au 20 PL DU GENERAL DE GAULLE 97460 SAINT-PAUL, repr\u00e9sent\u00e9(e) par Laura Larivi\u00e8re d\u00fbment habilit\u00e9(e)<\/span><\/p>\n<p>&nbsp;<\/p>\n<h2><b>H\u00e9bergement<\/b><\/h2>\n<p><span style=\"font-weight: 400;\"><br \/><\/span><span style=\"font-weight: 400;\">Le Site est h\u00e9berg\u00e9 par la soci\u00e9t\u00e9 OVH SAS, situ\u00e9 2 rue Kellermann &#8211; BP 80157 &#8211; 59053 Roubaix Cedex 1, (contact t\u00e9l\u00e9phonique ou email : 1007).<\/span><\/p>\n<p>&nbsp;<\/p>\n<h2><b>Directeur de publication\u00a0<\/b><\/h2>\n<p><span style=\"font-weight: 400;\"><br \/><\/span><span style=\"font-weight: 400;\">Le Directeur de la publication du Site est Laura Larivi\u00e8re .<\/span><\/p>\n<p>&nbsp;<\/p>\n<h2><b>Nous contacter\u00a0<\/b><\/h2>\n<p><span style=\"font-weight: 400;\"><br \/><\/span><span style=\"font-weight: 400;\">Par t\u00e9l\u00e9phone\u00a0: +33692925473<\/span><\/p>\n<p><span style=\"font-weight: 400;\">Par email\u00a0: associationdefisdefemmes@gmail.com<\/span><\/p>\n<p><span style=\"font-weight: 400;\">Par courrier\u00a0: 59 bis Rue Auguste Babet, Saint-Pierre 97410<\/span><\/p>\n<p><span style=\"font-weight: 400;\">G\u00e9n\u00e9ration des mentions l\u00e9gales par <\/span><a href=\"https:\/\/www.legalstart.fr\/\"><span style=\"font-weight: 400;\">Legalstart<\/span><\/a><span style=\"font-weight: 400;\">.<\/span><\/p>\n<p>[\/et_pb_text][\/et_pb_column][\/et_pb_row][\/et_pb_section]<\/p>\n","protected":false},"excerpt":{"rendered":"<p>MENTIONS L\u00c9GALES &nbsp; Conform\u00e9ment aux dispositions de la loi n\u00b0 2004-575 du 21 juin 2004 pour la confiance en l&rsquo;\u00e9conomie num\u00e9rique, il est pr\u00e9cis\u00e9 aux utilisateurs du site Defisdefemmes l&rsquo;identit\u00e9 des diff\u00e9rents intervenants dans le cadre de sa r\u00e9alisation et de son suivi. &nbsp; Edition du site\u00a0 &nbsp; Le pr\u00e9sent site, accessible \u00e0 l\u2019URL www.defisdefemmes.re [&hellip;]<\/p>\n","protected":false},"author":1,"featured_media":0,"parent":0,"menu_order":0,"comment_status":"closed","ping_status":"closed","template":"","meta":{"_et_pb_use_builder":"on","_et_pb_old_content":"","_et_gb_content_width":"","footnotes":""},"class_list":["post-442","page","type-page","status-publish","hentry"],"_links":{"self":[{"href":"https:\/\/www.defisdefemmes.re\/index.php\/wp-json\/wp\/v2\/pages\/442","targetHints":{"allow":["GET"]}}],"collection":[{"href":"https:\/\/www.defisdefemmes.re\/index.php\/wp-json\/wp\/v2\/pages"}],"about":[{"href":"https:\/\/www.defisdefemmes.re\/index.php\/wp-json\/wp\/v2\/types\/page"}],"author":[{"embeddable":true,"href":"https:\/\/www.defisdefemmes.re\/index.php\/wp-json\/wp\/v2\/users\/1"}],"replies":[{"embeddable":true,"href":"https:\/\/www.defisdefemmes.re\/index.php\/wp-json\/wp\/v2\/comments?post=442"}],"version-history":[{"count":2,"href":"https:\/\/www.defisdefemmes.re\/index.php\/wp-json\/wp\/v2\/pages\/442\/revisions"}],"predecessor-version":[{"id":445,"href":"https:\/\/www.defisdefemmes.re\/index.php\/wp-json\/wp\/v2\/pages\/442\/revisions\/445"}],"wp:attachment":[{"href":"https:\/\/www.defisdefemmes.re\/index.php\/wp-json\/wp\/v2\/media?parent=442"}],"curies":[{"name":"wp","href":"https:\/\/api.w.org\/{rel}","templated":true}]}}